{"id":4620,"date":"2021-01-09T09:55:40","date_gmt":"2021-01-09T09:55:40","guid":{"rendered":"https:\/\/techtrix.peacefulqode.com\/?page_id=4620"},"modified":"2026-04-03T18:10:38","modified_gmt":"2026-04-03T18:10:38","slug":"contact-us","status":"publish","type":"page","link":"https:\/\/2bsmart.net\/index.php\/contact-us\/","title":{"rendered":"Contact Us"},"content":{"rendered":"\t\t<div data-elementor-type=\"wp-page\" data-elementor-id=\"4620\" class=\"elementor elementor-4620\">\n\t\t\t\t\t\t<div class=\"elementor-section elementor-top-section elementor-element elementor-element-e1e7189 elementor-section-stretched elementor-section-boxed elementor-section-height-default elementor-section-height-default\" data-id=\"e1e7189\" data-element_type=\"section\" data-e-type=\"section\" data-settings=\"{&quot;stretch_section&quot;:&quot;section-stretched&quot;}\">\n\t\t\t\t\t\t<div class=\"elementor-container elementor-column-gap-default\">\n\t\t\t\t\t<div class=\"elementor-column elementor-col-100 elementor-top-column elementor-element elementor-element-6c41e9e\" data-id=\"6c41e9e\" data-element_type=\"column\" data-e-type=\"column\">\n\t\t\t<div class=\"elementor-widget-wrap elementor-element-populated\">\n\t\t\t\t\t\t<div class=\"elementor-element elementor-element-4ee030e elementor-absolute elementor-widget elementor-widget-image\" data-id=\"4ee030e\" data-element_type=\"widget\" data-e-type=\"widget\" data-settings=\"{&quot;_position&quot;:&quot;absolute&quot;}\" data-widget_type=\"image.default\">\n\t\t\t\t\t\t\t\t\t\t\t\t\t\t\t<img fetchpriority=\"high\" decoding=\"async\" width=\"512\" height=\"512\" src=\"https:\/\/2bsmart.net\/wp-content\/uploads\/2025\/10\/cropped-cropped-WhatsApp-Image-2025-10-28-at-15.57.09_8ff53789.jpg\" class=\"attachment-large size-large wp-image-27637\" alt=\"\" srcset=\"https:\/\/2bsmart.net\/wp-content\/uploads\/2025\/10\/cropped-cropped-WhatsApp-Image-2025-10-28-at-15.57.09_8ff53789.jpg 512w, https:\/\/2bsmart.net\/wp-content\/uploads\/2025\/10\/cropped-cropped-WhatsApp-Image-2025-10-28-at-15.57.09_8ff53789-300x300.jpg 300w, https:\/\/2bsmart.net\/wp-content\/uploads\/2025\/10\/cropped-cropped-WhatsApp-Image-2025-10-28-at-15.57.09_8ff53789-150x150.jpg 150w, https:\/\/2bsmart.net\/wp-content\/uploads\/2025\/10\/cropped-cropped-WhatsApp-Image-2025-10-28-at-15.57.09_8ff53789-120x120.jpg 120w, https:\/\/2bsmart.net\/wp-content\/uploads\/2025\/10\/cropped-cropped-WhatsApp-Image-2025-10-28-at-15.57.09_8ff53789-100x100.jpg 100w, https:\/\/2bsmart.net\/wp-content\/uploads\/2025\/10\/cropped-cropped-WhatsApp-Image-2025-10-28-at-15.57.09_8ff53789-270x270.jpg 270w, https:\/\/2bsmart.net\/wp-content\/uploads\/2025\/10\/cropped-cropped-WhatsApp-Image-2025-10-28-at-15.57.09_8ff53789-192x192.jpg 192w, https:\/\/2bsmart.net\/wp-content\/uploads\/2025\/10\/cropped-cropped-WhatsApp-Image-2025-10-28-at-15.57.09_8ff53789-180x180.jpg 180w, https:\/\/2bsmart.net\/wp-content\/uploads\/2025\/10\/cropped-cropped-WhatsApp-Image-2025-10-28-at-15.57.09_8ff53789-32x32.jpg 32w\" sizes=\"(max-width: 512px) 100vw, 512px\" \/>\t\t\t\t\t\t\t\t\t\t\t\t\t\t\t<\/div>\n\t\t\t\t\t<\/div>\n\t\t<\/div>\n\t\t\t\t\t<\/div>\n\t\t<\/div>\n\t\t\t\t<div class=\"elementor-section elementor-top-section elementor-element elementor-element-c3a1cc8 elementor-section-full_width elementor-section-stretched elementor-section-height-default elementor-section-height-default\" data-id=\"c3a1cc8\" data-element_type=\"section\" data-e-type=\"section\" data-settings=\"{&quot;stretch_section&quot;:&quot;section-stretched&quot;}\">\n\t\t\t\t\t\t<div class=\"elementor-container elementor-column-gap-default\">\n\t\t\t\t\t<div class=\"elementor-column elementor-col-100 elementor-top-column elementor-element elementor-element-4c611a2\" data-id=\"4c611a2\" data-element_type=\"column\" data-e-type=\"column\">\n\t\t\t<div class=\"elementor-widget-wrap elementor-element-populated\">\n\t\t\t\t\t\t<div class=\"elementor-section elementor-inner-section elementor-element elementor-element-1bc4392 elementor-section-boxed elementor-section-height-default elementor-section-height-default\" data-id=\"1bc4392\" data-element_type=\"section\" data-e-type=\"section\">\n\t\t\t\t\t\t<div class=\"elementor-container elementor-column-gap-default\">\n\t\t\t\t\t<div class=\"elementor-column elementor-col-50 elementor-inner-column elementor-element elementor-element-710bb5f\" data-id=\"710bb5f\" data-element_type=\"column\" data-e-type=\"column\" data-settings=\"{&quot;background_background&quot;:&quot;classic&quot;}\">\n\t\t\t<div class=\"elementor-widget-wrap elementor-element-populated\">\n\t\t\t\t\t<div class=\"elementor-background-overlay\"><\/div>\n\t\t\t\t\t\t<div class=\"elementor-element elementor-element-bddde15 elementor-widget elementor-widget-section_title\" data-id=\"bddde15\" data-element_type=\"widget\" data-e-type=\"widget\" data-widget_type=\"section_title.default\">\n\t\t\t\t<div class=\"elementor-widget-container\">\n\t\t\t\t\t\r\n\r\n\r\n\r\n<div   class=\"pt-section-title-1 \">   \r\n   \t\t\r\n     \t     \r\n     \t<h5 id=\"SpUIk\" class=\"pt-section-title pt-section-title-split\" data-high_text=\"Contacts \" data-title_text=\"Our Contacts \"data-rough_color=\"\" data-rough_type=\"underline\">Our Contacts <\/h5>     \t <div class=\"heading-line\"><\/div>\r\n\r\n     \t<p class=\"pt-section-description\">   \r\n<\/div>         \t<script>\r\n         \t\tjQuery('.pt-section-title').each(function(){\r\n         \t\t\t\r\n         \t\t\tvar high_text = jQuery(this).data('high_text');\r\n         \t\t\tvar text= jQuery(this).text().split(' ');\r\n         \t\t\tvar new_text = '';\r\n\r\n         \t\t\tvar main_text = jQuery(this).data('title_text');\r\n         \t\t\tvar regEx = new RegExp(high_text, \"i\");\r\n         \t\t\t\/\/ console.log(high_text);\r\n         \t\t\t\/\/ console.log(text);\r\n         \t\t\t\/\/ console.log(main_text);\r\n\r\n         \t\t\tresult = main_text.match(regEx);\t\r\n         \t\t\t\/\/ console.log(result);\r\n\r\n         \t\t\tresult[0] = result[0].replace(\/\\s\/g, '');\r\n         \t\t\t\/\/ console.log(result[0]);\r\n         \t\t\ttext.forEach(function(val){\r\n         \t\t\t\tif(val == result[0])\r\n         \t\t\t\t{\r\n         \t\t\t\t\tnew_text += '<span class=\"last-word\"> '+val+' <\/span>'; \r\n         \t\t\t\t}\r\n         \t\t\t\telse\r\n         \t\t\t\t{\r\n         \t\t\t\t\tnew_text += ' '+ val + ' ';\r\n         \t\t\t\t}\r\n         \t\t\t});\r\n         \t\t\tjQuery(this).html(function(){\t\r\n         \t\t\t\treturn new_text;\r\n         \t\t\t});\r\n\t\t\r\n\t\t\t\t\t\/\/var last = text.pop();\r\n\t\t\t\t\t\/\/console.log(text);\r\n\r\n         \t\t});\r\n         \t\tjQuery('.pt-section-title').html(function(){\t\r\n         \t\t\tvar text= jQuery(this).text().split(' ');\r\n\t\t\r\n\t\t\t\t\tvar last = text.pop();\r\n\t\t\r\n\t\t\t\t\/\/console.log(' <span class=\"last-word\">'+last+'<\/span>');\r\n\r\n\t\t          \/\/return text.join(\" \") + (text.length > 0 ? ' <span class=\"last-word\">'+last+'<\/span>' : last);  \r\n         \t\t});\r\n         \t\t\r\n         \t \/\/ jQuery('.pt-section-title').each(function(){\r\n\r\n           \/\/      var text = jQuery(this).text().split(' ');\r\n           \/\/      if(text.length < 2)\r\n           \/\/          return;\r\n             \r\n           \/\/      text[2] = '<span class=\"imp-word\">'+text[2]+'<\/span>';\r\n                \r\n           \/\/      jQuery(this).html(\r\n           \/\/          text.join(' ')\r\n           \/\/      );\r\n    \r\n           \/\/  });\r\n         \t <\/script>\r\n        \t\t\t\t<\/div>\n\t\t\t\t<\/div>\n\t\t\t\t<div class=\"elementor-element elementor-element-72e561e elementor-position-inline-start elementor-view-default elementor-mobile-position-block-start elementor-widget elementor-widget-icon-box\" data-id=\"72e561e\" data-element_type=\"widget\" data-e-type=\"widget\" data-widget_type=\"icon-box.default\">\n\t\t\t\t\t\t\t<div class=\"elementor-icon-box-wrapper\">\n\n\t\t\t\t\t\t<div class=\"elementor-icon-box-icon\">\n\t\t\t\t<a href=\"#\" class=\"elementor-icon\" tabindex=\"-1\">\n\t\t\t\t<i aria-hidden=\"true\" class=\"ion ion-ios-location\"><\/i>\t\t\t\t<\/a>\n\t\t\t<\/div>\n\t\t\t\n\t\t\t\t\t\t<div class=\"elementor-icon-box-content\">\n\n\t\t\t\t\n\t\t\t\t\t\t\t\t\t<p class=\"elementor-icon-box-description\">\n\t\t\t\t\t\tBakay N\u00e1ndor utca 24, C\u00e9drus Offices\n6728 Szeged, Magyarorsz\u00e1g\t\t\t\t\t<\/p>\n\t\t\t\t\n\t\t\t<\/div>\n\t\t\t\n\t\t<\/div>\n\t\t\t\t\t\t<\/div>\n\t\t\t\t<div class=\"elementor-element elementor-element-8102950 elementor-position-inline-start elementor-view-default elementor-mobile-position-block-start elementor-widget elementor-widget-icon-box\" data-id=\"8102950\" data-element_type=\"widget\" data-e-type=\"widget\" data-widget_type=\"icon-box.default\">\n\t\t\t\t\t\t\t<div class=\"elementor-icon-box-wrapper\">\n\n\t\t\t\t\t\t<div class=\"elementor-icon-box-icon\">\n\t\t\t\t<span  class=\"elementor-icon\">\n\t\t\t\t<i aria-hidden=\"true\" class=\"ion ion-email\"><\/i>\t\t\t\t<\/span>\n\t\t\t<\/div>\n\t\t\t\n\t\t\t\t\t\t<div class=\"elementor-icon-box-content\">\n\n\t\t\t\t\n\t\t\t\t\t\t\t\t\t<p class=\"elementor-icon-box-description\">\n\t\t\t\t\t\tcontact@2bsmart.net\n\t\t\t\t\t<\/p>\n\t\t\t\t\n\t\t\t<\/div>\n\t\t\t\n\t\t<\/div>\n\t\t\t\t\t\t<\/div>\n\t\t\t\t<div class=\"elementor-element elementor-element-b4b963f elementor-position-inline-start elementor-view-default elementor-mobile-position-block-start elementor-widget elementor-widget-icon-box\" data-id=\"b4b963f\" data-element_type=\"widget\" data-e-type=\"widget\" data-widget_type=\"icon-box.default\">\n\t\t\t\t\t\t\t<div class=\"elementor-icon-box-wrapper\">\n\n\t\t\t\t\t\t<div class=\"elementor-icon-box-icon\">\n\t\t\t\t<span  class=\"elementor-icon\">\n\t\t\t\t<svg aria-hidden=\"true\" class=\"e-font-icon-svg e-fas-phone-alt\" viewBox=\"0 0 512 512\" xmlns=\"http:\/\/www.w3.org\/2000\/svg\"><path d=\"M497.39 361.8l-112-48a24 24 0 0 0-28 6.9l-49.6 60.6A370.66 370.66 0 0 1 130.6 204.11l60.6-49.6a23.94 23.94 0 0 0 6.9-28l-48-112A24.16 24.16 0 0 0 122.6.61l-104 24A24 24 0 0 0 0 48c0 256.5 207.9 464 464 464a24 24 0 0 0 23.4-18.6l24-104a24.29 24.29 0 0 0-14.01-27.6z\"><\/path><\/svg>\t\t\t\t<\/span>\n\t\t\t<\/div>\n\t\t\t\n\t\t\t\t\t\t<div class=\"elementor-icon-box-content\">\n\n\t\t\t\t\n\t\t\t\t\t\t\t\t\t<p class=\"elementor-icon-box-description\">\n\t\t\t\t\t\t+36 20 24 25 330\u202c\n<br><br>Tax No: 26775980-2-06 Company Reg. No:&nbsp;06-09-025364\t\t\t\t\t<\/p>\n\t\t\t\t\n\t\t\t<\/div>\n\t\t\t\n\t\t<\/div>\n\t\t\t\t\t\t<\/div>\n\t\t\t\t\t<\/div>\n\t\t<\/div>\n\t\t\t\t<div class=\"elementor-column elementor-col-50 elementor-inner-column elementor-element elementor-element-923f11c\" data-id=\"923f11c\" data-element_type=\"column\" data-e-type=\"column\">\n\t\t\t<div class=\"elementor-widget-wrap elementor-element-populated\">\n\t\t\t\t\t\t<div class=\"elementor-element elementor-element-cf97d46 elementor-widget elementor-widget-section_title\" data-id=\"cf97d46\" data-element_type=\"widget\" data-e-type=\"widget\" data-widget_type=\"section_title.default\">\n\t\t\t\t<div class=\"elementor-widget-container\">\n\t\t\t\t\t\r\n\r\n\r\n\r\n<div   class=\"pt-section-title-1 \">   \r\n   \t\t\r\n     \t     \r\n     \t<h5 id=\"WQOxb\" class=\"pt-section-title pt-section-title-split\" data-high_text=\"Quote\" data-title_text=\"Contact Us\"data-rough_color=\"\" data-rough_type=\"underline\">Contact Us<\/h5>     \t <div class=\"heading-line\"><\/div>\r\n\r\n     \t<p class=\"pt-section-description\">   \r\n<\/div>         \t<script>\r\n         \t\tjQuery('.pt-section-title').each(function(){\r\n         \t\t\t\r\n         \t\t\tvar high_text = jQuery(this).data('high_text');\r\n         \t\t\tvar text= jQuery(this).text().split(' ');\r\n         \t\t\tvar new_text = '';\r\n\r\n         \t\t\tvar main_text = jQuery(this).data('title_text');\r\n         \t\t\tvar regEx = new RegExp(high_text, \"i\");\r\n         \t\t\t\/\/ console.log(high_text);\r\n         \t\t\t\/\/ console.log(text);\r\n         \t\t\t\/\/ console.log(main_text);\r\n\r\n         \t\t\tresult = main_text.match(regEx);\t\r\n         \t\t\t\/\/ console.log(result);\r\n\r\n         \t\t\tresult[0] = result[0].replace(\/\\s\/g, '');\r\n         \t\t\t\/\/ console.log(result[0]);\r\n         \t\t\ttext.forEach(function(val){\r\n         \t\t\t\tif(val == result[0])\r\n         \t\t\t\t{\r\n         \t\t\t\t\tnew_text += '<span class=\"last-word\"> '+val+' <\/span>'; \r\n         \t\t\t\t}\r\n         \t\t\t\telse\r\n         \t\t\t\t{\r\n         \t\t\t\t\tnew_text += ' '+ val + ' ';\r\n         \t\t\t\t}\r\n         \t\t\t});\r\n         \t\t\tjQuery(this).html(function(){\t\r\n         \t\t\t\treturn new_text;\r\n         \t\t\t});\r\n\t\t\r\n\t\t\t\t\t\/\/var last = text.pop();\r\n\t\t\t\t\t\/\/console.log(text);\r\n\r\n         \t\t});\r\n         \t\tjQuery('.pt-section-title').html(function(){\t\r\n         \t\t\tvar text= jQuery(this).text().split(' ');\r\n\t\t\r\n\t\t\t\t\tvar last = text.pop();\r\n\t\t\r\n\t\t\t\t\/\/console.log(' <span class=\"last-word\">'+last+'<\/span>');\r\n\r\n\t\t          \/\/return text.join(\" \") + (text.length > 0 ? ' <span class=\"last-word\">'+last+'<\/span>' : last);  \r\n         \t\t});\r\n         \t\t\r\n         \t \/\/ jQuery('.pt-section-title').each(function(){\r\n\r\n           \/\/      var text = jQuery(this).text().split(' ');\r\n           \/\/      if(text.length < 2)\r\n           \/\/          return;\r\n             \r\n           \/\/      text[2] = '<span class=\"imp-word\">'+text[2]+'<\/span>';\r\n                \r\n           \/\/      jQuery(this).html(\r\n           \/\/          text.join(' ')\r\n           \/\/      );\r\n    \r\n           \/\/  });\r\n         \t <\/script>\r\n        \t\t\t\t<\/div>\n\t\t\t\t<\/div>\n\t\t\t\t<div class=\"elementor-element elementor-element-9166b0e elementor-widget elementor-widget-html\" data-id=\"9166b0e\" data-element_type=\"widget\" data-e-type=\"widget\" data-widget_type=\"html.default\">\n\t\t\t\t\t\n<div class=\"wpcf7 no-js\" id=\"wpcf7-f7-o1\" lang=\"en-US\" dir=\"ltr\" data-wpcf7-id=\"7\">\n<div class=\"screen-reader-response\"><p role=\"status\" aria-live=\"polite\" aria-atomic=\"true\"><\/p> <ul><\/ul><\/div>\n<form action=\"\/index.php\/wp-json\/wp\/v2\/pages\/4620#wpcf7-f7-o1\" method=\"post\" class=\"wpcf7-form init\" aria-label=\"Contact form\" novalidate=\"novalidate\" data-status=\"init\">\n<fieldset class=\"hidden-fields-container\"><input type=\"hidden\" name=\"_wpcf7\" value=\"7\" \/><input type=\"hidden\" name=\"_wpcf7_version\" value=\"6.1.5\" \/><input type=\"hidden\" name=\"_wpcf7_locale\" value=\"en_US\" \/><input type=\"hidden\" name=\"_wpcf7_unit_tag\" value=\"wpcf7-f7-o1\" \/><input type=\"hidden\" name=\"_wpcf7_container_post\" value=\"0\" \/><input type=\"hidden\" name=\"_wpcf7_posted_data_hash\" value=\"\" \/>\n<\/fieldset>\n<p><label> Your name<br \/>\n<span class=\"wpcf7-form-control-wrap\" data-name=\"your-name\"><input size=\"40\" maxlength=\"400\" class=\"wpcf7-form-control wpcf7-text wpcf7-validates-as-required\" autocomplete=\"name\" aria-required=\"true\" aria-invalid=\"false\" value=\"\" type=\"text\" name=\"your-name\" \/><\/span> <\/label>\n<\/p>\n<p><label> Your email<br \/>\n<span class=\"wpcf7-form-control-wrap\" data-name=\"your-email\"><input size=\"40\" maxlength=\"400\" class=\"wpcf7-form-control wpcf7-email wpcf7-validates-as-required wpcf7-text wpcf7-validates-as-email\" autocomplete=\"email\" aria-required=\"true\" aria-invalid=\"false\" value=\"\" type=\"email\" name=\"your-email\" \/><\/span> <\/label>\n<\/p>\n<p><label> Subject<br \/>\n<span class=\"wpcf7-form-control-wrap\" data-name=\"your-subject\"><input size=\"40\" maxlength=\"400\" class=\"wpcf7-form-control wpcf7-text wpcf7-validates-as-required\" aria-required=\"true\" aria-invalid=\"false\" value=\"\" type=\"text\" name=\"your-subject\" \/><\/span> <\/label>\n<\/p>\n<p><label> Your message (optional)<br \/>\n<span class=\"wpcf7-form-control-wrap\" data-name=\"your-message\"><textarea cols=\"40\" rows=\"10\" maxlength=\"2000\" class=\"wpcf7-form-control wpcf7-textarea\" aria-invalid=\"false\" name=\"your-message\"><\/textarea><\/span> <\/label>\n<\/p>\n<p><input class=\"wpcf7-form-control wpcf7-submit has-spinner\" type=\"submit\" value=\"Submit\" \/>\n<\/p><div class=\"wpcf7-response-output\" aria-hidden=\"true\"><\/div>\n<\/form>\n<\/div>\n\t\t\t\t<\/div>\n\t\t\t\t\t<\/div>\n\t\t<\/div>\n\t\t\t\t\t<\/div>\n\t\t<\/div>\n\t\t\t\t\t<\/div>\n\t\t<\/div>\n\t\t\t\t\t<\/div>\n\t\t<\/div>\n\t\t<div class=\"elementor-element elementor-element-5fdcafd e-con-full e-flex e-con e-parent\" data-id=\"5fdcafd\" data-element_type=\"container\" data-e-type=\"container\">\n\t\t\t\t<\/div>\n\t\t\t\t<\/div>\n\t\t","protected":false},"excerpt":{"rendered":"<p>Our Contacts Bakay N\u00e1ndor utca 24, C\u00e9drus Offices 6728 Szeged, Magyarorsz\u00e1g contact@2bsmart.net +36 20 24 25 330\u202c Tax No: 26775980-2-06 Company Reg. No:&nbsp;06-09-025364 Contact Us<\/p>\n","protected":false},"author":1,"featured_media":0,"parent":0,"menu_order":0,"comment_status":"closed","ping_status":"closed","template":"","meta":{"_acf_changed":false,"pagelayer_contact_templates":[],"_pagelayer_content":"","footnotes":""},"class_list":["post-4620","page","type-page","status-publish","hentry"],"acf":[],"_links":{"self":[{"href":"https:\/\/2bsmart.net\/index.php\/wp-json\/wp\/v2\/pages\/4620","targetHints":{"allow":["GET"]}}],"collection":[{"href":"https:\/\/2bsmart.net\/index.php\/wp-json\/wp\/v2\/pages"}],"about":[{"href":"https:\/\/2bsmart.net\/index.php\/wp-json\/wp\/v2\/types\/page"}],"author":[{"embeddable":true,"href":"https:\/\/2bsmart.net\/index.php\/wp-json\/wp\/v2\/users\/1"}],"replies":[{"embeddable":true,"href":"https:\/\/2bsmart.net\/index.php\/wp-json\/wp\/v2\/comments?post=4620"}],"version-history":[{"count":21,"href":"https:\/\/2bsmart.net\/index.php\/wp-json\/wp\/v2\/pages\/4620\/revisions"}],"predecessor-version":[{"id":28055,"href":"https:\/\/2bsmart.net\/index.php\/wp-json\/wp\/v2\/pages\/4620\/revisions\/28055"}],"wp:attachment":[{"href":"https:\/\/2bsmart.net\/index.php\/wp-json\/wp\/v2\/media?parent=4620"}],"curies":[{"name":"wp","href":"https:\/\/api.w.org\/{rel}","templated":true}]}}